{"id":8,"date":"2025-10-13T08:02:30","date_gmt":"2025-10-13T08:02:30","guid":{"rendered":"https:\/\/seonder.com\/?page_id=8"},"modified":"2025-10-31T11:16:48","modified_gmt":"2025-10-31T11:16:48","slug":"about","status":"publish","type":"page","link":"https:\/\/seonder.com\/hr\/about\/","title":{"rendered":"SEOnder: Ovdje za tebe"},"content":{"rendered":"<figure class=\"wp-block-pullquote has-medium-font-size\"><blockquote><p>SONDER: sna\u017ean osje\u0107aj spoznaje da svaka osoba koju vidite ima vlastitu \u017eivotnu pri\u010du u kojoj je ona najva\u017enija.<br>Sonder budi suosje\u0107anje.<br>Sonder ima mo\u0107 duboko oblikovati na\u0161e blagostanje.<br><\/p><cite>Izvor: Cambridge Dictionary<\/cite><\/blockquote><\/figure>\n\n\n\n<figure class=\"wp-block-image size-large\"><img loading=\"lazy\" decoding=\"async\" width=\"1024\" height=\"576\" src=\"http:\/\/seonder.com\/wp-content\/uploads\/2025\/10\/about-seonder-1024x576.png\" alt=\"Rainy city viewed from the street, signifying the meaning of word sonder\" class=\"wp-image-134\" srcset=\"https:\/\/seonder.com\/wp-content\/uploads\/2025\/10\/about-seonder-1024x576.png 1024w, https:\/\/seonder.com\/wp-content\/uploads\/2025\/10\/about-seonder-300x169.png 300w, https:\/\/seonder.com\/wp-content\/uploads\/2025\/10\/about-seonder-768x432.png 768w, https:\/\/seonder.com\/wp-content\/uploads\/2025\/10\/about-seonder-1536x864.png 1536w, https:\/\/seonder.com\/wp-content\/uploads\/2025\/10\/about-seonder-2048x1152.png 2048w\" sizes=\"auto, (max-width: 1024px) 100vw, 1024px\" \/><\/figure>\n\n\n\n<p><\/p>\n\n\n\n<p class=\"has-contrast-color has-text-color has-link-color wp-elements-c864b1191399e0978a3c65295dd40520\">Postoji mnogo malih poduze\u0107a koja poku\u0161avaju uspjeti \u2013 svako zaslu\u017euje priznanje za svoje kvalitetne proizvode, posve\u0107enu uslugu i stvarni utjecaj koji ostvaruje. No, biti vlasnik malog poduze\u0107a nije lako. O\u010dekuje se da budete stru\u010dnjak u svemu \u2013 uklju\u010duju\u0107i i marketing.<\/p>\n\n\n\n<p class=\"has-contrast-color has-text-color has-link-color wp-elements-fe8030046760f07f700c35ea706c794a\">Marketing je ionako te\u017eak, a digitalni marketing mo\u017ee djelovati jo\u0161 izazovnije. Viralni trenuci na dru\u0161tvenim mre\u017eama i uspjesi velikih brendova \u010desto stvaraju dojam da je rast na internetu brz i jednostavan. No, ubrzo nai\u0111ete na zbunjuju\u0107e pojmove, slo\u017eene procese i stalne promjene.<\/p>\n\n\n\n<p class=\"has-contrast-color has-text-color has-link-color wp-elements-92e3b851290dab4e588c86d51a381abd\">Nepoznavanje digitalnog svijeta nije ne\u0161to \u010dega se treba sramiti \u2013 ali svakako ote\u017eava dosezanje va\u0161e publike.<\/p>\n\n\n\n<figure class=\"wp-block-image size-large\"><img loading=\"lazy\" decoding=\"async\" width=\"1024\" height=\"576\" src=\"http:\/\/seonder.com\/wp-content\/uploads\/2025\/10\/small-business-about-1024x576.png\" alt=\"Small business showing Open sign on their window. The photo is symbolic for a small business owner struggling to be an expert in everything\" class=\"wp-image-136\" srcset=\"https:\/\/seonder.com\/wp-content\/uploads\/2025\/10\/small-business-about-1024x576.png 1024w, https:\/\/seonder.com\/wp-content\/uploads\/2025\/10\/small-business-about-300x169.png 300w, https:\/\/seonder.com\/wp-content\/uploads\/2025\/10\/small-business-about-768x432.png 768w, https:\/\/seonder.com\/wp-content\/uploads\/2025\/10\/small-business-about-1536x864.png 1536w, https:\/\/seonder.com\/wp-content\/uploads\/2025\/10\/small-business-about-2048x1152.png 2048w\" sizes=\"auto, (max-width: 1024px) 100vw, 1024px\" \/><\/figure>\n\n\n\n<p><\/p>\n\n\n\n<p class=\"has-contrast-color has-text-color has-link-color wp-elements-89057c933239ede91c4f28edb10577ab\">Nakon godina rada u digitalnom marketingu za tvrtke i startupe, po\u017eeljela sam stvoriti ne\u0161to \u0161to zaista poma\u017ee malim poduze\u0107ima. Tako je nastao <strong>SEOnder<\/strong> SEOnder \u2013 spoj rije\u010di \u201cSEO,\u201d \u0161to ozna\u010dava optimizaciju web stranica, i \u201csonder,\u201d ideje da je svako malo poduze\u0107e jedinstveno, slo\u017eeno i zaslu\u017euje vlastitu digitalnu pozornicu.<\/p>\n\n\n\n<p class=\"has-contrast-color has-text-color has-link-color wp-elements-fbf3405bf03b186c4857e60f16a1f6fe\">U SEOnderom poma\u017eem malim i srednjim poduze\u0107ima s njihovim digitalnim marketingom i brendingom, ili uvodim u svijet digitalnog one koji \u017eele po\u010deti, ali ne znaju odakle ili kako. Od optimizacije web stranica za uspjeh, kreiranja sadr\u017eaja na dru\u0161tvenim mre\u017eama, razvijanja pri\u010de va\u0161eg brenda, do pru\u017eanja konzultantskih usluga - SEOnder je mjesto za va\u0161 sljede\u0107i korak u dosezanju prave publike.<\/p>\n\n\n\n<figure class=\"wp-block-image size-large is-style-rounded\"><img loading=\"lazy\" decoding=\"async\" width=\"1024\" height=\"617\" src=\"http:\/\/seonder.com\/wp-content\/uploads\/2025\/10\/IMG-20251018-WA00001-1024x617.jpg\" alt=\"SEOnder owner: Digital Marketing Specialist and Consultant Dijana Samsa\" class=\"wp-image-138\" srcset=\"https:\/\/seonder.com\/wp-content\/uploads\/2025\/10\/IMG-20251018-WA00001-1024x617.jpg 1024w, https:\/\/seonder.com\/wp-content\/uploads\/2025\/10\/IMG-20251018-WA00001-300x181.jpg 300w, https:\/\/seonder.com\/wp-content\/uploads\/2025\/10\/IMG-20251018-WA00001-768x463.jpg 768w, https:\/\/seonder.com\/wp-content\/uploads\/2025\/10\/IMG-20251018-WA00001.jpg 1200w\" sizes=\"auto, (max-width: 1024px) 100vw, 1024px\" \/><\/figure>\n\n\n\n<blockquote class=\"wp-block-quote has-contrast-color has-text-color has-link-color wp-elements-882877301bb5416c6ece51c89884a472 is-layout-flow wp-block-quote-is-layout-flow\">\n<p><strong><em>&#8220;The best time to support small businesses is always today.&#8221;<\/em> &#8211; Gisele Barreto Fetterman<\/strong><\/p>\n<\/blockquote>","protected":false},"excerpt":{"rendered":"<p>SONDER: the strong feeling of realizing that every person you see has their own life story in which they are the most important person:Sonder can encourage compassion.Sonder can have a profound impact on our wellbeing. Source: Cambridge Dictionary There are many small businesses trying to succeed &#8211; each one deserves recognition for their great products, [&hellip;]<\/p>\n","protected":false},"author":1,"featured_media":0,"parent":0,"menu_order":0,"comment_status":"closed","ping_status":"closed","template":"","meta":{"footnotes":""},"class_list":["post-8","page","type-page","status-publish","hentry"],"yoast_head":"<!-- This site is optimized with the Yoast SEO plugin v27.4 - https:\/\/yoast.com\/product\/yoast-seo-wordpress\/ -->\n<title>SEOnder for you -<\/title>\n<meta name=\"description\" content=\"From optimizing websites for success, curating social media, developing your brand story, to providing consulting: SEOnder is the place to kickstart your next step in reaching the right audience.\" \/>\n<meta name=\"robots\" content=\"index, follow, max-snippet:-1, max-image-preview:large, max-video-preview:-1\" \/>\n<link rel=\"canonical\" href=\"https:\/\/seonder.com\/hr\/about\/\" \/>\n<meta property=\"og:locale\" content=\"hr_HR\" \/>\n<meta property=\"og:type\" content=\"article\" \/>\n<meta property=\"og:title\" content=\"SEOnder for you -\" \/>\n<meta property=\"og:description\" content=\"From optimizing websites for success, curating social media, developing your brand story, to providing consulting: SEOnder is the place to kickstart your next step in reaching the right audience.\" \/>\n<meta property=\"og:url\" content=\"https:\/\/seonder.com\/hr\/about\/\" \/>\n<meta property=\"og:site_name\" content=\"SEOnder\" \/>\n<meta property=\"article:publisher\" content=\"https:\/\/www.facebook.com\/profile.php?id=61582095863975\" \/>\n<meta property=\"article:modified_time\" content=\"2025-10-31T11:16:48+00:00\" \/>\n<meta property=\"og:image\" content=\"http:\/\/seonder.com\/wp-content\/uploads\/2025\/10\/about-seonder-1024x576.png\" \/>\n<meta name=\"twitter:card\" content=\"summary_large_image\" \/>\n<meta name=\"twitter:label1\" content=\"Procijenjeno vrijeme \u010ditanja\" \/>\n\t<meta name=\"twitter:data1\" content=\"2 minute\" \/>\n<script type=\"application\/ld+json\" class=\"yoast-schema-graph\">{\"@context\":\"https:\\\/\\\/schema.org\",\"@graph\":[{\"@type\":\"WebPage\",\"@id\":\"https:\\\/\\\/seonder.com\\\/about\\\/\",\"url\":\"https:\\\/\\\/seonder.com\\\/about\\\/\",\"name\":\"SEOnder for you -\",\"isPartOf\":{\"@id\":\"https:\\\/\\\/seonder.com\\\/#website\"},\"primaryImageOfPage\":{\"@id\":\"https:\\\/\\\/seonder.com\\\/about\\\/#primaryimage\"},\"image\":{\"@id\":\"https:\\\/\\\/seonder.com\\\/about\\\/#primaryimage\"},\"thumbnailUrl\":\"http:\\\/\\\/seonder.com\\\/wp-content\\\/uploads\\\/2025\\\/10\\\/about-seonder-1024x576.png\",\"datePublished\":\"2025-10-13T08:02:30+00:00\",\"dateModified\":\"2025-10-31T11:16:48+00:00\",\"description\":\"From optimizing websites for success, curating social media, developing your brand story, to providing consulting: SEOnder is the place to kickstart your next step in reaching the right audience.\",\"breadcrumb\":{\"@id\":\"https:\\\/\\\/seonder.com\\\/about\\\/#breadcrumb\"},\"inLanguage\":\"hr\",\"potentialAction\":[{\"@type\":\"ReadAction\",\"target\":[\"https:\\\/\\\/seonder.com\\\/about\\\/\"]}]},{\"@type\":\"ImageObject\",\"inLanguage\":\"hr\",\"@id\":\"https:\\\/\\\/seonder.com\\\/about\\\/#primaryimage\",\"url\":\"http:\\\/\\\/seonder.com\\\/wp-content\\\/uploads\\\/2025\\\/10\\\/about-seonder-1024x576.png\",\"contentUrl\":\"http:\\\/\\\/seonder.com\\\/wp-content\\\/uploads\\\/2025\\\/10\\\/about-seonder-1024x576.png\"},{\"@type\":\"BreadcrumbList\",\"@id\":\"https:\\\/\\\/seonder.com\\\/about\\\/#breadcrumb\",\"itemListElement\":[{\"@type\":\"ListItem\",\"position\":1,\"name\":\"Home\",\"item\":\"https:\\\/\\\/seonder.com\\\/\"},{\"@type\":\"ListItem\",\"position\":2,\"name\":\"SEOnder for you\"}]},{\"@type\":\"WebSite\",\"@id\":\"https:\\\/\\\/seonder.com\\\/#website\",\"url\":\"https:\\\/\\\/seonder.com\\\/\",\"name\":\"SEOnder\",\"description\":\"Your business story, truly heard.\",\"publisher\":{\"@id\":\"https:\\\/\\\/seonder.com\\\/#organization\"},\"potentialAction\":[{\"@type\":\"SearchAction\",\"target\":{\"@type\":\"EntryPoint\",\"urlTemplate\":\"https:\\\/\\\/seonder.com\\\/?s={search_term_string}\"},\"query-input\":{\"@type\":\"PropertyValueSpecification\",\"valueRequired\":true,\"valueName\":\"search_term_string\"}}],\"inLanguage\":\"hr\"},{\"@type\":\"Organization\",\"@id\":\"https:\\\/\\\/seonder.com\\\/#organization\",\"name\":\"SEOnder\",\"url\":\"https:\\\/\\\/seonder.com\\\/\",\"logo\":{\"@type\":\"ImageObject\",\"inLanguage\":\"hr\",\"@id\":\"https:\\\/\\\/seonder.com\\\/#\\\/schema\\\/logo\\\/image\\\/\",\"url\":\"https:\\\/\\\/seonder.com\\\/wp-content\\\/uploads\\\/2025\\\/10\\\/cropped-Standard1.png\",\"contentUrl\":\"https:\\\/\\\/seonder.com\\\/wp-content\\\/uploads\\\/2025\\\/10\\\/cropped-Standard1.png\",\"width\":512,\"height\":512,\"caption\":\"SEOnder\"},\"image\":{\"@id\":\"https:\\\/\\\/seonder.com\\\/#\\\/schema\\\/logo\\\/image\\\/\"},\"sameAs\":[\"https:\\\/\\\/www.facebook.com\\\/profile.php?id=61582095863975\",\"https:\\\/\\\/www.instagram.com\\\/seonder_marketing\\\/\",\"https:\\\/\\\/www.linkedin.com\\\/in\\\/dijana-samsa-5004ab1ba\\\/\"]}]}<\/script>\n<!-- \/ Yoast SEO plugin. -->","yoast_head_json":{"title":"SEOnder for you -","description":"From optimizing websites for success, curating social media, developing your brand story, to providing consulting: SEOnder is the place to kickstart your next step in reaching the right audience.","robots":{"index":"index","follow":"follow","max-snippet":"max-snippet:-1","max-image-preview":"max-image-preview:large","max-video-preview":"max-video-preview:-1"},"canonical":"https:\/\/seonder.com\/hr\/about\/","og_locale":"hr_HR","og_type":"article","og_title":"SEOnder for you -","og_description":"From optimizing websites for success, curating social media, developing your brand story, to providing consulting: SEOnder is the place to kickstart your next step in reaching the right audience.","og_url":"https:\/\/seonder.com\/hr\/about\/","og_site_name":"SEOnder","article_publisher":"https:\/\/www.facebook.com\/profile.php?id=61582095863975","article_modified_time":"2025-10-31T11:16:48+00:00","og_image":[{"url":"http:\/\/seonder.com\/wp-content\/uploads\/2025\/10\/about-seonder-1024x576.png","type":"","width":"","height":""}],"twitter_card":"summary_large_image","twitter_misc":{"Procijenjeno vrijeme \u010ditanja":"2 minute"},"schema":{"@context":"https:\/\/schema.org","@graph":[{"@type":"WebPage","@id":"https:\/\/seonder.com\/about\/","url":"https:\/\/seonder.com\/about\/","name":"SEOnder for you -","isPartOf":{"@id":"https:\/\/seonder.com\/#website"},"primaryImageOfPage":{"@id":"https:\/\/seonder.com\/about\/#primaryimage"},"image":{"@id":"https:\/\/seonder.com\/about\/#primaryimage"},"thumbnailUrl":"http:\/\/seonder.com\/wp-content\/uploads\/2025\/10\/about-seonder-1024x576.png","datePublished":"2025-10-13T08:02:30+00:00","dateModified":"2025-10-31T11:16:48+00:00","description":"From optimizing websites for success, curating social media, developing your brand story, to providing consulting: SEOnder is the place to kickstart your next step in reaching the right audience.","breadcrumb":{"@id":"https:\/\/seonder.com\/about\/#breadcrumb"},"inLanguage":"hr","potentialAction":[{"@type":"ReadAction","target":["https:\/\/seonder.com\/about\/"]}]},{"@type":"ImageObject","inLanguage":"hr","@id":"https:\/\/seonder.com\/about\/#primaryimage","url":"http:\/\/seonder.com\/wp-content\/uploads\/2025\/10\/about-seonder-1024x576.png","contentUrl":"http:\/\/seonder.com\/wp-content\/uploads\/2025\/10\/about-seonder-1024x576.png"},{"@type":"BreadcrumbList","@id":"https:\/\/seonder.com\/about\/#breadcrumb","itemListElement":[{"@type":"ListItem","position":1,"name":"Home","item":"https:\/\/seonder.com\/"},{"@type":"ListItem","position":2,"name":"SEOnder for you"}]},{"@type":"WebSite","@id":"https:\/\/seonder.com\/#website","url":"https:\/\/seonder.com\/","name":"SEOnder","description":"Your business story, truly heard.","publisher":{"@id":"https:\/\/seonder.com\/#organization"},"potentialAction":[{"@type":"SearchAction","target":{"@type":"EntryPoint","urlTemplate":"https:\/\/seonder.com\/?s={search_term_string}"},"query-input":{"@type":"PropertyValueSpecification","valueRequired":true,"valueName":"search_term_string"}}],"inLanguage":"hr"},{"@type":"Organization","@id":"https:\/\/seonder.com\/#organization","name":"SEOnder","url":"https:\/\/seonder.com\/","logo":{"@type":"ImageObject","inLanguage":"hr","@id":"https:\/\/seonder.com\/#\/schema\/logo\/image\/","url":"https:\/\/seonder.com\/wp-content\/uploads\/2025\/10\/cropped-Standard1.png","contentUrl":"https:\/\/seonder.com\/wp-content\/uploads\/2025\/10\/cropped-Standard1.png","width":512,"height":512,"caption":"SEOnder"},"image":{"@id":"https:\/\/seonder.com\/#\/schema\/logo\/image\/"},"sameAs":["https:\/\/www.facebook.com\/profile.php?id=61582095863975","https:\/\/www.instagram.com\/seonder_marketing\/","https:\/\/www.linkedin.com\/in\/dijana-samsa-5004ab1ba\/"]}]}},"_links":{"self":[{"href":"https:\/\/seonder.com\/hr\/wp-json\/wp\/v2\/pages\/8","targetHints":{"allow":["GET"]}}],"collection":[{"href":"https:\/\/seonder.com\/hr\/wp-json\/wp\/v2\/pages"}],"about":[{"href":"https:\/\/seonder.com\/hr\/wp-json\/wp\/v2\/types\/page"}],"author":[{"embeddable":true,"href":"https:\/\/seonder.com\/hr\/wp-json\/wp\/v2\/users\/1"}],"replies":[{"embeddable":true,"href":"https:\/\/seonder.com\/hr\/wp-json\/wp\/v2\/comments?post=8"}],"version-history":[{"count":9,"href":"https:\/\/seonder.com\/hr\/wp-json\/wp\/v2\/pages\/8\/revisions"}],"predecessor-version":[{"id":257,"href":"https:\/\/seonder.com\/hr\/wp-json\/wp\/v2\/pages\/8\/revisions\/257"}],"wp:attachment":[{"href":"https:\/\/seonder.com\/hr\/wp-json\/wp\/v2\/media?parent=8"}],"curies":[{"name":"wp","href":"https:\/\/api.w.org\/{rel}","templated":true}]}}