{"id":292,"date":"2025-11-04T13:23:43","date_gmt":"2025-11-04T13:23:43","guid":{"rendered":"https:\/\/seonder.com\/?page_id=292"},"modified":"2025-11-04T13:23:43","modified_gmt":"2025-11-04T13:23:43","slug":"testimonials","status":"publish","type":"page","link":"https:\/\/seonder.com\/hr\/testimonials\/","title":{"rendered":"Pogledajte sve na\u0161e sretne klijente!"},"content":{"rendered":"<figure class=\"wp-block-pullquote has-small-font-size\"><blockquote><p>\"Dijana je sa strpljenjem saslu\u0161ala problem, ura\u010dunala moje mogu\u0107nosti i dala mi ne samo konstruktivne kritike nego i upute i motivaciju za predstavljanje mojih proizvoda bez previ\u0161e stresa.<br>Prilagodila je moje ciljeve potrebama i zajedno smo do\u0161le do okvirnog izvedivog i produktivnog plana.\" <\/p><cite><strong>Sanja, FunkyPop!<\/strong><\/cite><\/blockquote><\/figure>\n\n\n\n<hr class=\"wp-block-separator has-alpha-channel-opacity\"\/>\n\n\n\n<figure class=\"wp-block-pullquote has-small-font-size\"><blockquote><p>\"Dijanin pristup bio je vrlo ljubazan. Saslu\u0161ala je moje potrebe da pove\u0107am vidljivost na Meti bez kori\u0161tenja pla\u0107enih opcija te je svoje savjete tome prilagodila. Osim toga, pro\u0161irila mi je vidike i dala odli\u010dne ideje za nove na\u010dine promocije moje radinosti.\"<\/p><cite><strong>Ljubica, Cvijet bez vremena<\/strong><\/cite><\/blockquote><\/figure>\n\n\n\n<hr class=\"wp-block-separator has-alpha-channel-opacity\"\/>\n\n\n\n<figure class=\"wp-block-pullquote has-small-font-size\"><blockquote><p>\u201eDijana me pa\u017eljivo saslu\u0161ala i pru\u017eila mi upravo ono \u0161to mi je trebalo: poticaj i nove ideje kako napredovati s mojom novom tvrtkom. Smatram da je izvrsna savjetnica i uz njezinu pomo\u0107 mogu posti\u0107i ono \u0161to \u017eelim.\u201c<\/p><cite><strong>Hanadi, Hanadi Art<\/strong><\/cite><\/blockquote><\/figure>\n\n\n\n<hr class=\"wp-block-separator has-alpha-channel-opacity\"\/>\n\n\n\n<figure class=\"wp-block-pullquote has-small-font-size\"><blockquote><p>\"Dijana je izuzetno ugodna, simpati\u010dna i draga osoba koja je uz sve te kvalitete jo\u0161 i stru\u010dna i  susretljiva sa pregr\u0161t ideja i odli\u010dnih savjeta za rje\u0161avanje raznih marketin\u0161kih izazova s kojima se poduzetnici susre\u0107u.<br>Zadovoljstvo je sura\u0111ivati s njom.\"<\/p><cite><strong>Ivana, Smartika<\/strong><\/cite><\/blockquote><\/figure>\n\n\n\n<div class=\"wp-block-buttons is-layout-flex wp-block-buttons-is-layout-flex\">\n<div class=\"wp-block-button has-custom-width wp-block-button__width-100\"><a class=\"wp-block-button__link has-background has-large-font-size has-custom-font-size wp-element-button\" href=\"https:\/\/seonder.com\/hr\/services\/\" style=\"background-color:#749eaf\" target=\"_blank\" rel=\"noreferrer noopener\">Pogledajte SEOnderove usluge<\/a><\/div>\n<\/div>\n\n\n\n<p><\/p>","protected":false},"excerpt":{"rendered":"<p>\u201cDijana patiently listened to my problem, took my possibilities into account, and gave me not only constructive feedback but also guidance and motivation for presenting my products without too much stress.She adapted my goals to my needs, and together we came up with a feasible and productive outline plan.\u201d Sanja, FunkyPop! \u201cDijana\u2019s approach was very [&hellip;]<\/p>\n","protected":false},"author":1,"featured_media":0,"parent":0,"menu_order":0,"comment_status":"closed","ping_status":"closed","template":"","meta":{"footnotes":""},"class_list":["post-292","page","type-page","status-publish","hentry"],"yoast_head":"<!-- This site is optimized with the Yoast SEO plugin v27.4 - https:\/\/yoast.com\/product\/yoast-seo-wordpress\/ -->\n<title>See all our happy clients! - SEOnder<\/title>\n<meta name=\"robots\" content=\"index, follow, max-snippet:-1, max-image-preview:large, max-video-preview:-1\" \/>\n<link rel=\"canonical\" href=\"https:\/\/seonder.com\/hr\/testimonials\/\" \/>\n<meta property=\"og:locale\" content=\"hr_HR\" \/>\n<meta property=\"og:type\" content=\"article\" \/>\n<meta property=\"og:title\" content=\"See all our happy clients! - SEOnder\" \/>\n<meta property=\"og:description\" content=\"\u201cDijana patiently listened to my problem, took my possibilities into account, and gave me not only constructive feedback but also guidance and motivation for presenting my products without too much stress.She adapted my goals to my needs, and together we came up with a feasible and productive outline plan.\u201d Sanja, FunkyPop! \u201cDijana\u2019s approach was very [&hellip;]\" \/>\n<meta property=\"og:url\" content=\"https:\/\/seonder.com\/hr\/testimonials\/\" \/>\n<meta property=\"og:site_name\" content=\"SEOnder\" \/>\n<meta property=\"article:publisher\" content=\"https:\/\/www.facebook.com\/profile.php?id=61582095863975\" \/>\n<meta name=\"twitter:card\" content=\"summary_large_image\" \/>\n<meta name=\"twitter:label1\" content=\"Procijenjeno vrijeme \u010ditanja\" \/>\n\t<meta name=\"twitter:data1\" content=\"1 minuta\" \/>\n<script type=\"application\/ld+json\" class=\"yoast-schema-graph\">{\"@context\":\"https:\\\/\\\/schema.org\",\"@graph\":[{\"@type\":\"WebPage\",\"@id\":\"https:\\\/\\\/seonder.com\\\/testimonials\\\/\",\"url\":\"https:\\\/\\\/seonder.com\\\/testimonials\\\/\",\"name\":\"See all our happy clients! - SEOnder\",\"isPartOf\":{\"@id\":\"https:\\\/\\\/seonder.com\\\/#website\"},\"datePublished\":\"2025-11-04T13:23:43+00:00\",\"breadcrumb\":{\"@id\":\"https:\\\/\\\/seonder.com\\\/testimonials\\\/#breadcrumb\"},\"inLanguage\":\"hr\",\"potentialAction\":[{\"@type\":\"ReadAction\",\"target\":[\"https:\\\/\\\/seonder.com\\\/testimonials\\\/\"]}]},{\"@type\":\"BreadcrumbList\",\"@id\":\"https:\\\/\\\/seonder.com\\\/testimonials\\\/#breadcrumb\",\"itemListElement\":[{\"@type\":\"ListItem\",\"position\":1,\"name\":\"Home\",\"item\":\"https:\\\/\\\/seonder.com\\\/\"},{\"@type\":\"ListItem\",\"position\":2,\"name\":\"See all our happy clients!\"}]},{\"@type\":\"WebSite\",\"@id\":\"https:\\\/\\\/seonder.com\\\/#website\",\"url\":\"https:\\\/\\\/seonder.com\\\/\",\"name\":\"SEOnder\",\"description\":\"Your business story, truly heard.\",\"publisher\":{\"@id\":\"https:\\\/\\\/seonder.com\\\/#organization\"},\"potentialAction\":[{\"@type\":\"SearchAction\",\"target\":{\"@type\":\"EntryPoint\",\"urlTemplate\":\"https:\\\/\\\/seonder.com\\\/?s={search_term_string}\"},\"query-input\":{\"@type\":\"PropertyValueSpecification\",\"valueRequired\":true,\"valueName\":\"search_term_string\"}}],\"inLanguage\":\"hr\"},{\"@type\":\"Organization\",\"@id\":\"https:\\\/\\\/seonder.com\\\/#organization\",\"name\":\"SEOnder\",\"url\":\"https:\\\/\\\/seonder.com\\\/\",\"logo\":{\"@type\":\"ImageObject\",\"inLanguage\":\"hr\",\"@id\":\"https:\\\/\\\/seonder.com\\\/#\\\/schema\\\/logo\\\/image\\\/\",\"url\":\"https:\\\/\\\/seonder.com\\\/wp-content\\\/uploads\\\/2025\\\/10\\\/cropped-Standard1.png\",\"contentUrl\":\"https:\\\/\\\/seonder.com\\\/wp-content\\\/uploads\\\/2025\\\/10\\\/cropped-Standard1.png\",\"width\":512,\"height\":512,\"caption\":\"SEOnder\"},\"image\":{\"@id\":\"https:\\\/\\\/seonder.com\\\/#\\\/schema\\\/logo\\\/image\\\/\"},\"sameAs\":[\"https:\\\/\\\/www.facebook.com\\\/profile.php?id=61582095863975\",\"https:\\\/\\\/www.instagram.com\\\/seonder_marketing\\\/\",\"https:\\\/\\\/www.linkedin.com\\\/in\\\/dijana-samsa-5004ab1ba\\\/\"]}]}<\/script>\n<!-- \/ Yoast SEO plugin. -->","yoast_head_json":{"title":"See all our happy clients! - SEOnder","robots":{"index":"index","follow":"follow","max-snippet":"max-snippet:-1","max-image-preview":"max-image-preview:large","max-video-preview":"max-video-preview:-1"},"canonical":"https:\/\/seonder.com\/hr\/testimonials\/","og_locale":"hr_HR","og_type":"article","og_title":"See all our happy clients! - SEOnder","og_description":"\u201cDijana patiently listened to my problem, took my possibilities into account, and gave me not only constructive feedback but also guidance and motivation for presenting my products without too much stress.She adapted my goals to my needs, and together we came up with a feasible and productive outline plan.\u201d Sanja, FunkyPop! \u201cDijana\u2019s approach was very [&hellip;]","og_url":"https:\/\/seonder.com\/hr\/testimonials\/","og_site_name":"SEOnder","article_publisher":"https:\/\/www.facebook.com\/profile.php?id=61582095863975","twitter_card":"summary_large_image","twitter_misc":{"Procijenjeno vrijeme \u010ditanja":"1 minuta"},"schema":{"@context":"https:\/\/schema.org","@graph":[{"@type":"WebPage","@id":"https:\/\/seonder.com\/testimonials\/","url":"https:\/\/seonder.com\/testimonials\/","name":"See all our happy clients! - SEOnder","isPartOf":{"@id":"https:\/\/seonder.com\/#website"},"datePublished":"2025-11-04T13:23:43+00:00","breadcrumb":{"@id":"https:\/\/seonder.com\/testimonials\/#breadcrumb"},"inLanguage":"hr","potentialAction":[{"@type":"ReadAction","target":["https:\/\/seonder.com\/testimonials\/"]}]},{"@type":"BreadcrumbList","@id":"https:\/\/seonder.com\/testimonials\/#breadcrumb","itemListElement":[{"@type":"ListItem","position":1,"name":"Home","item":"https:\/\/seonder.com\/"},{"@type":"ListItem","position":2,"name":"See all our happy clients!"}]},{"@type":"WebSite","@id":"https:\/\/seonder.com\/#website","url":"https:\/\/seonder.com\/","name":"SEOnder","description":"Your business story, truly heard.","publisher":{"@id":"https:\/\/seonder.com\/#organization"},"potentialAction":[{"@type":"SearchAction","target":{"@type":"EntryPoint","urlTemplate":"https:\/\/seonder.com\/?s={search_term_string}"},"query-input":{"@type":"PropertyValueSpecification","valueRequired":true,"valueName":"search_term_string"}}],"inLanguage":"hr"},{"@type":"Organization","@id":"https:\/\/seonder.com\/#organization","name":"SEOnder","url":"https:\/\/seonder.com\/","logo":{"@type":"ImageObject","inLanguage":"hr","@id":"https:\/\/seonder.com\/#\/schema\/logo\/image\/","url":"https:\/\/seonder.com\/wp-content\/uploads\/2025\/10\/cropped-Standard1.png","contentUrl":"https:\/\/seonder.com\/wp-content\/uploads\/2025\/10\/cropped-Standard1.png","width":512,"height":512,"caption":"SEOnder"},"image":{"@id":"https:\/\/seonder.com\/#\/schema\/logo\/image\/"},"sameAs":["https:\/\/www.facebook.com\/profile.php?id=61582095863975","https:\/\/www.instagram.com\/seonder_marketing\/","https:\/\/www.linkedin.com\/in\/dijana-samsa-5004ab1ba\/"]}]}},"_links":{"self":[{"href":"https:\/\/seonder.com\/hr\/wp-json\/wp\/v2\/pages\/292","targetHints":{"allow":["GET"]}}],"collection":[{"href":"https:\/\/seonder.com\/hr\/wp-json\/wp\/v2\/pages"}],"about":[{"href":"https:\/\/seonder.com\/hr\/wp-json\/wp\/v2\/types\/page"}],"author":[{"embeddable":true,"href":"https:\/\/seonder.com\/hr\/wp-json\/wp\/v2\/users\/1"}],"replies":[{"embeddable":true,"href":"https:\/\/seonder.com\/hr\/wp-json\/wp\/v2\/comments?post=292"}],"version-history":[{"count":1,"href":"https:\/\/seonder.com\/hr\/wp-json\/wp\/v2\/pages\/292\/revisions"}],"predecessor-version":[{"id":293,"href":"https:\/\/seonder.com\/hr\/wp-json\/wp\/v2\/pages\/292\/revisions\/293"}],"wp:attachment":[{"href":"https:\/\/seonder.com\/hr\/wp-json\/wp\/v2\/media?parent=292"}],"curies":[{"name":"wp","href":"https:\/\/api.w.org\/{rel}","templated":true}]}}