{"id":172,"date":"2025-10-24T13:14:26","date_gmt":"2025-10-24T13:14:26","guid":{"rendered":"https:\/\/seonder.com\/?page_id=172"},"modified":"2025-10-24T13:14:26","modified_gmt":"2025-10-24T13:14:26","slug":"impressum","status":"publish","type":"page","link":"https:\/\/seonder.com\/hr\/impressum\/","title":{"rendered":"Impressum"},"content":{"rendered":"<p><\/p>\n\n\n\n<p>SEONDER<\/p>\n\n\n\n<p>obrt za digitalni marketing<\/p>\n\n\n\n<p>vl. Dijana Samsa<\/p>\n\n\n\n<p>OIB: 01421207906<\/p>\n\n\n\n<p>Trg \u017ertava fa\u0161izma 8, 10290 Zapre\u0161i\u0107<\/p>\n\n\n\n<p>Republika Hrvatska<\/p>\n\n\n\n<p><\/p>\n\n\n\n<p>Email: dijana.samsa@seonder.com<\/p>\n\n\n\n<p>Mob: 091 602 7230<\/p>\n\n\n\n<p><\/p>","protected":false},"excerpt":{"rendered":"<p>SEONDER obrt za digitalni marketing vl. Dijana Samsa OIB: 01421207906 Trg \u017ertava fa\u0161izma 8, 10290 Zapre\u0161i\u0107 Republika Hrvatska Email: dijana.samsa@seonder.com Mob: 091 602 7230<\/p>","protected":false},"author":1,"featured_media":0,"parent":0,"menu_order":0,"comment_status":"closed","ping_status":"closed","template":"","meta":{"footnotes":""},"class_list":["post-172","page","type-page","status-publish","hentry"],"yoast_head":"<!-- This site is optimized with the Yoast SEO plugin v27.4 - https:\/\/yoast.com\/product\/yoast-seo-wordpress\/ -->\n<title>Impressum - SEOnder<\/title>\n<meta name=\"robots\" content=\"index, follow, max-snippet:-1, max-image-preview:large, max-video-preview:-1\" \/>\n<link rel=\"canonical\" href=\"https:\/\/seonder.com\/hr\/impressum\/\" \/>\n<meta property=\"og:locale\" content=\"hr_HR\" \/>\n<meta property=\"og:type\" content=\"article\" \/>\n<meta property=\"og:title\" content=\"Impressum - SEOnder\" \/>\n<meta property=\"og:description\" content=\"SEONDER obrt za digitalni marketing vl. Dijana Samsa OIB: 01421207906 Trg \u017ertava fa\u0161izma 8, 10290 Zapre\u0161i\u0107 Republika Hrvatska Email: dijana.samsa@seonder.com Mob: 091 602 7230\" \/>\n<meta property=\"og:url\" content=\"https:\/\/seonder.com\/hr\/impressum\/\" \/>\n<meta property=\"og:site_name\" content=\"SEOnder\" \/>\n<meta property=\"article:publisher\" content=\"https:\/\/www.facebook.com\/profile.php?id=61582095863975\" \/>\n<meta name=\"twitter:card\" content=\"summary_large_image\" \/>\n<script type=\"application\/ld+json\" class=\"yoast-schema-graph\">{\"@context\":\"https:\\\/\\\/schema.org\",\"@graph\":[{\"@type\":\"WebPage\",\"@id\":\"https:\\\/\\\/seonder.com\\\/impressum\\\/\",\"url\":\"https:\\\/\\\/seonder.com\\\/impressum\\\/\",\"name\":\"Impressum - SEOnder\",\"isPartOf\":{\"@id\":\"https:\\\/\\\/seonder.com\\\/#website\"},\"datePublished\":\"2025-10-24T13:14:26+00:00\",\"breadcrumb\":{\"@id\":\"https:\\\/\\\/seonder.com\\\/impressum\\\/#breadcrumb\"},\"inLanguage\":\"hr\",\"potentialAction\":[{\"@type\":\"ReadAction\",\"target\":[\"https:\\\/\\\/seonder.com\\\/impressum\\\/\"]}]},{\"@type\":\"BreadcrumbList\",\"@id\":\"https:\\\/\\\/seonder.com\\\/impressum\\\/#breadcrumb\",\"itemListElement\":[{\"@type\":\"ListItem\",\"position\":1,\"name\":\"Home\",\"item\":\"https:\\\/\\\/seonder.com\\\/\"},{\"@type\":\"ListItem\",\"position\":2,\"name\":\"Impressum\"}]},{\"@type\":\"WebSite\",\"@id\":\"https:\\\/\\\/seonder.com\\\/#website\",\"url\":\"https:\\\/\\\/seonder.com\\\/\",\"name\":\"SEOnder\",\"description\":\"Your business story, truly heard.\",\"publisher\":{\"@id\":\"https:\\\/\\\/seonder.com\\\/#organization\"},\"potentialAction\":[{\"@type\":\"SearchAction\",\"target\":{\"@type\":\"EntryPoint\",\"urlTemplate\":\"https:\\\/\\\/seonder.com\\\/?s={search_term_string}\"},\"query-input\":{\"@type\":\"PropertyValueSpecification\",\"valueRequired\":true,\"valueName\":\"search_term_string\"}}],\"inLanguage\":\"hr\"},{\"@type\":\"Organization\",\"@id\":\"https:\\\/\\\/seonder.com\\\/#organization\",\"name\":\"SEOnder\",\"url\":\"https:\\\/\\\/seonder.com\\\/\",\"logo\":{\"@type\":\"ImageObject\",\"inLanguage\":\"hr\",\"@id\":\"https:\\\/\\\/seonder.com\\\/#\\\/schema\\\/logo\\\/image\\\/\",\"url\":\"https:\\\/\\\/seonder.com\\\/wp-content\\\/uploads\\\/2025\\\/10\\\/cropped-Standard1.png\",\"contentUrl\":\"https:\\\/\\\/seonder.com\\\/wp-content\\\/uploads\\\/2025\\\/10\\\/cropped-Standard1.png\",\"width\":512,\"height\":512,\"caption\":\"SEOnder\"},\"image\":{\"@id\":\"https:\\\/\\\/seonder.com\\\/#\\\/schema\\\/logo\\\/image\\\/\"},\"sameAs\":[\"https:\\\/\\\/www.facebook.com\\\/profile.php?id=61582095863975\",\"https:\\\/\\\/www.instagram.com\\\/seonder_marketing\\\/\",\"https:\\\/\\\/www.linkedin.com\\\/in\\\/dijana-samsa-5004ab1ba\\\/\"]}]}<\/script>\n<!-- \/ Yoast SEO plugin. -->","yoast_head_json":{"title":"Impressum - SEOnder","robots":{"index":"index","follow":"follow","max-snippet":"max-snippet:-1","max-image-preview":"max-image-preview:large","max-video-preview":"max-video-preview:-1"},"canonical":"https:\/\/seonder.com\/hr\/impressum\/","og_locale":"hr_HR","og_type":"article","og_title":"Impressum - SEOnder","og_description":"SEONDER obrt za digitalni marketing vl. Dijana Samsa OIB: 01421207906 Trg \u017ertava fa\u0161izma 8, 10290 Zapre\u0161i\u0107 Republika Hrvatska Email: dijana.samsa@seonder.com Mob: 091 602 7230","og_url":"https:\/\/seonder.com\/hr\/impressum\/","og_site_name":"SEOnder","article_publisher":"https:\/\/www.facebook.com\/profile.php?id=61582095863975","twitter_card":"summary_large_image","schema":{"@context":"https:\/\/schema.org","@graph":[{"@type":"WebPage","@id":"https:\/\/seonder.com\/impressum\/","url":"https:\/\/seonder.com\/impressum\/","name":"Impressum - SEOnder","isPartOf":{"@id":"https:\/\/seonder.com\/#website"},"datePublished":"2025-10-24T13:14:26+00:00","breadcrumb":{"@id":"https:\/\/seonder.com\/impressum\/#breadcrumb"},"inLanguage":"hr","potentialAction":[{"@type":"ReadAction","target":["https:\/\/seonder.com\/impressum\/"]}]},{"@type":"BreadcrumbList","@id":"https:\/\/seonder.com\/impressum\/#breadcrumb","itemListElement":[{"@type":"ListItem","position":1,"name":"Home","item":"https:\/\/seonder.com\/"},{"@type":"ListItem","position":2,"name":"Impressum"}]},{"@type":"WebSite","@id":"https:\/\/seonder.com\/#website","url":"https:\/\/seonder.com\/","name":"SEOnder","description":"Your business story, truly heard.","publisher":{"@id":"https:\/\/seonder.com\/#organization"},"potentialAction":[{"@type":"SearchAction","target":{"@type":"EntryPoint","urlTemplate":"https:\/\/seonder.com\/?s={search_term_string}"},"query-input":{"@type":"PropertyValueSpecification","valueRequired":true,"valueName":"search_term_string"}}],"inLanguage":"hr"},{"@type":"Organization","@id":"https:\/\/seonder.com\/#organization","name":"SEOnder","url":"https:\/\/seonder.com\/","logo":{"@type":"ImageObject","inLanguage":"hr","@id":"https:\/\/seonder.com\/#\/schema\/logo\/image\/","url":"https:\/\/seonder.com\/wp-content\/uploads\/2025\/10\/cropped-Standard1.png","contentUrl":"https:\/\/seonder.com\/wp-content\/uploads\/2025\/10\/cropped-Standard1.png","width":512,"height":512,"caption":"SEOnder"},"image":{"@id":"https:\/\/seonder.com\/#\/schema\/logo\/image\/"},"sameAs":["https:\/\/www.facebook.com\/profile.php?id=61582095863975","https:\/\/www.instagram.com\/seonder_marketing\/","https:\/\/www.linkedin.com\/in\/dijana-samsa-5004ab1ba\/"]}]}},"_links":{"self":[{"href":"https:\/\/seonder.com\/hr\/wp-json\/wp\/v2\/pages\/172","targetHints":{"allow":["GET"]}}],"collection":[{"href":"https:\/\/seonder.com\/hr\/wp-json\/wp\/v2\/pages"}],"about":[{"href":"https:\/\/seonder.com\/hr\/wp-json\/wp\/v2\/types\/page"}],"author":[{"embeddable":true,"href":"https:\/\/seonder.com\/hr\/wp-json\/wp\/v2\/users\/1"}],"replies":[{"embeddable":true,"href":"https:\/\/seonder.com\/hr\/wp-json\/wp\/v2\/comments?post=172"}],"version-history":[{"count":1,"href":"https:\/\/seonder.com\/hr\/wp-json\/wp\/v2\/pages\/172\/revisions"}],"predecessor-version":[{"id":173,"href":"https:\/\/seonder.com\/hr\/wp-json\/wp\/v2\/pages\/172\/revisions\/173"}],"wp:attachment":[{"href":"https:\/\/seonder.com\/hr\/wp-json\/wp\/v2\/media?parent=172"}],"curies":[{"name":"wp","href":"https:\/\/api.w.org\/{rel}","templated":true}]}}