{"id":168,"date":"2025-10-24T12:56:28","date_gmt":"2025-10-24T12:56:28","guid":{"rendered":"https:\/\/seonder.com\/?page_id=168"},"modified":"2025-10-30T12:43:10","modified_gmt":"2025-10-30T12:43:10","slug":"faq","status":"publish","type":"page","link":"https:\/\/seonder.com\/hr\/faq\/","title":{"rendered":"\u010cesta pitanja i odgovori"},"content":{"rendered":"<p><\/p>\n\n\n\n<div class=\"wp-block-group alignfull has-global-padding is-layout-constrained wp-block-group-is-layout-constrained\" style=\"margin-top:0;margin-bottom:0\">\n<div class=\"wp-block-group alignwide is-layout-flow wp-container-core-group-is-layout-d58a0413 wp-block-group-is-layout-flow\" style=\"padding-top:var(--wp--preset--spacing--50);padding-bottom:var(--wp--preset--spacing--50)\">\n<h2 class=\"wp-block-heading has-x-large-font-size\">\u010cesta pitanja<\/h2>\n\n\n\n<div class=\"wp-block-columns is-layout-flex wp-container-core-columns-is-layout-cbe57604 wp-block-columns-is-layout-flex\">\n<div class=\"wp-block-column is-layout-flow wp-block-column-is-layout-flow\">\n<div class=\"wp-block-group is-layout-flow wp-block-group-is-layout-flow\" style=\"border-top-color:var(--wp--preset--color--accent-6);border-top-width:1px;padding-top:var(--wp--preset--spacing--30);padding-bottom:var(--wp--preset--spacing--30)\">\n<h3 class=\"wp-block-heading\">Mogu li kombinirati usluge?<\/h3>\n\n\n\n<p class=\"has-contrast-color has-text-color has-link-color wp-elements-e1a5c1c66e885022c5cdbdbc634485ab\">Da, pakete usluga mo\u017eete kombinirati i prilagoditi svom poslovanju. Iz razli\u010ditih paketa odaberite ono \u0161to vam odgovara, a va\u0161a prilago\u0111ena usluga bit \u0107e jasno prikazana u ponudi.<\/p>\n<\/div>\n<\/div>\n\n\n\n<div class=\"wp-block-column is-layout-flow wp-block-column-is-layout-flow\">\n<div class=\"wp-block-group is-layout-flow wp-block-group-is-layout-flow\" style=\"border-top-color:var(--wp--preset--color--accent-6);border-top-width:1px;padding-top:var(--wp--preset--spacing--30);padding-bottom:var(--wp--preset--spacing--30)\">\n<h3 class=\"wp-block-heading\">S kojim bran\u0161ama radite?<\/h3>\n\n\n\n<p class=\"has-contrast-color has-text-color has-link-color wp-elements-cd78cd2be944b526bcf07ce11463ebcb\">Nudim svoje usluge svim industrijama*. Ako jo\u0161 nisam dovoljno upoznata s va\u0161im podru\u010djem, zatra\u017eit \u0107u kratak brief uz vlastito istra\u017eivanje.<\/p>\n\n\n\n<p class=\"has-contrast-color has-text-color has-link-color has-small-font-size wp-elements-497d5314f12ced21c8f6d4f0d840d37c\">*<em>*Za pravne djelatnosti potrebno je ugovoriti preliminarni sastanak.<\/em><\/p>\n<\/div>\n<\/div>\n<\/div>\n\n\n\n<div class=\"wp-block-columns is-layout-flex wp-container-core-columns-is-layout-cbe57604 wp-block-columns-is-layout-flex\">\n<div class=\"wp-block-column is-layout-flow wp-block-column-is-layout-flow\">\n<div class=\"wp-block-group is-layout-flow wp-block-group-is-layout-flow\" style=\"border-top-color:var(--wp--preset--color--accent-6);border-top-width:1px;padding-top:var(--wp--preset--spacing--30);padding-bottom:var(--wp--preset--spacing--30)\">\n<h3 class=\"wp-block-heading\">Napla\u0107ujete li 10-minutnu konzultaciju?<\/h3>\n\n\n\n<p class=\"has-contrast-color has-text-color has-link-color wp-elements-8155acdf39042d65c4f8b01129ebe292\">Da, 10-minutna konzultacija ima fiksnu cijenu od <strong>\u20ac<\/strong>15.<br><br><\/p>\n<\/div>\n<\/div>\n\n\n\n<div class=\"wp-block-column is-layout-flow wp-block-column-is-layout-flow\">\n<div class=\"wp-block-group is-layout-flow wp-block-group-is-layout-flow\" style=\"border-top-color:var(--wp--preset--color--accent-6);border-top-width:1px;padding-top:var(--wp--preset--spacing--30);padding-bottom:var(--wp--preset--spacing--30)\">\n<h3 class=\"wp-block-heading\">Nudite li tako\u0111er usluge tradicionalnog marketinga?<\/h3>\n\n\n\n<p class=\"has-contrast-color has-text-color has-link-color wp-elements-ff80a35031afb3698b44f71b139fa09f\">Ovisno o va\u0161im potrebama, mogu pru\u017eiti konzultacije i podr\u0161ku u podru\u010dju tradicionalnog marketinga.<\/p>\n<\/div>\n<\/div>\n<\/div>\n<\/div>\n<\/div>","protected":false},"excerpt":{"rendered":"<p>FAQ Can I combine packages? Yes, service packages can be combined and customized to fit your business. You can choose elements from different packages, and your tailored service will be clearly outlined in the quote. What industries are you working with? I offer my services to all industries*. If I\u2019m not yet familiar with your [&hellip;]<\/p>\n","protected":false},"author":1,"featured_media":0,"parent":0,"menu_order":0,"comment_status":"closed","ping_status":"closed","template":"","meta":{"footnotes":""},"class_list":["post-168","page","type-page","status-publish","hentry"],"yoast_head":"<!-- This site is optimized with the Yoast SEO plugin v27.4 - https:\/\/yoast.com\/product\/yoast-seo-wordpress\/ -->\n<title>Frequently Asked Questions - SEOnder<\/title>\n<meta name=\"robots\" content=\"index, follow, max-snippet:-1, max-image-preview:large, max-video-preview:-1\" \/>\n<link rel=\"canonical\" href=\"https:\/\/seonder.com\/hr\/faq\/\" \/>\n<meta property=\"og:locale\" content=\"hr_HR\" \/>\n<meta property=\"og:type\" content=\"article\" \/>\n<meta property=\"og:title\" content=\"Frequently Asked Questions - SEOnder\" \/>\n<meta property=\"og:description\" content=\"FAQ Can I combine packages? Yes, service packages can be combined and customized to fit your business. You can choose elements from different packages, and your tailored service will be clearly outlined in the quote. What industries are you working with? I offer my services to all industries*. If I\u2019m not yet familiar with your [&hellip;]\" \/>\n<meta property=\"og:url\" content=\"https:\/\/seonder.com\/hr\/faq\/\" \/>\n<meta property=\"og:site_name\" content=\"SEOnder\" \/>\n<meta property=\"article:publisher\" content=\"https:\/\/www.facebook.com\/profile.php?id=61582095863975\" \/>\n<meta property=\"article:modified_time\" content=\"2025-10-30T12:43:10+00:00\" \/>\n<meta name=\"twitter:card\" content=\"summary_large_image\" \/>\n<meta name=\"twitter:label1\" content=\"Procijenjeno vrijeme \u010ditanja\" \/>\n\t<meta name=\"twitter:data1\" content=\"1 minuta\" \/>\n<script type=\"application\/ld+json\" class=\"yoast-schema-graph\">{\"@context\":\"https:\\\/\\\/schema.org\",\"@graph\":[{\"@type\":\"WebPage\",\"@id\":\"https:\\\/\\\/seonder.com\\\/faq\\\/\",\"url\":\"https:\\\/\\\/seonder.com\\\/faq\\\/\",\"name\":\"Frequently Asked Questions - SEOnder\",\"isPartOf\":{\"@id\":\"https:\\\/\\\/seonder.com\\\/#website\"},\"datePublished\":\"2025-10-24T12:56:28+00:00\",\"dateModified\":\"2025-10-30T12:43:10+00:00\",\"breadcrumb\":{\"@id\":\"https:\\\/\\\/seonder.com\\\/faq\\\/#breadcrumb\"},\"inLanguage\":\"hr\",\"potentialAction\":[{\"@type\":\"ReadAction\",\"target\":[\"https:\\\/\\\/seonder.com\\\/faq\\\/\"]}]},{\"@type\":\"BreadcrumbList\",\"@id\":\"https:\\\/\\\/seonder.com\\\/faq\\\/#breadcrumb\",\"itemListElement\":[{\"@type\":\"ListItem\",\"position\":1,\"name\":\"Home\",\"item\":\"https:\\\/\\\/seonder.com\\\/\"},{\"@type\":\"ListItem\",\"position\":2,\"name\":\"Frequently Asked Questions\"}]},{\"@type\":\"WebSite\",\"@id\":\"https:\\\/\\\/seonder.com\\\/#website\",\"url\":\"https:\\\/\\\/seonder.com\\\/\",\"name\":\"SEOnder\",\"description\":\"Your business story, truly heard.\",\"publisher\":{\"@id\":\"https:\\\/\\\/seonder.com\\\/#organization\"},\"potentialAction\":[{\"@type\":\"SearchAction\",\"target\":{\"@type\":\"EntryPoint\",\"urlTemplate\":\"https:\\\/\\\/seonder.com\\\/?s={search_term_string}\"},\"query-input\":{\"@type\":\"PropertyValueSpecification\",\"valueRequired\":true,\"valueName\":\"search_term_string\"}}],\"inLanguage\":\"hr\"},{\"@type\":\"Organization\",\"@id\":\"https:\\\/\\\/seonder.com\\\/#organization\",\"name\":\"SEOnder\",\"url\":\"https:\\\/\\\/seonder.com\\\/\",\"logo\":{\"@type\":\"ImageObject\",\"inLanguage\":\"hr\",\"@id\":\"https:\\\/\\\/seonder.com\\\/#\\\/schema\\\/logo\\\/image\\\/\",\"url\":\"https:\\\/\\\/seonder.com\\\/wp-content\\\/uploads\\\/2025\\\/10\\\/cropped-Standard1.png\",\"contentUrl\":\"https:\\\/\\\/seonder.com\\\/wp-content\\\/uploads\\\/2025\\\/10\\\/cropped-Standard1.png\",\"width\":512,\"height\":512,\"caption\":\"SEOnder\"},\"image\":{\"@id\":\"https:\\\/\\\/seonder.com\\\/#\\\/schema\\\/logo\\\/image\\\/\"},\"sameAs\":[\"https:\\\/\\\/www.facebook.com\\\/profile.php?id=61582095863975\",\"https:\\\/\\\/www.instagram.com\\\/seonder_marketing\\\/\",\"https:\\\/\\\/www.linkedin.com\\\/in\\\/dijana-samsa-5004ab1ba\\\/\"]}]}<\/script>\n<!-- \/ Yoast SEO plugin. -->","yoast_head_json":{"title":"Frequently Asked Questions - SEOnder","robots":{"index":"index","follow":"follow","max-snippet":"max-snippet:-1","max-image-preview":"max-image-preview:large","max-video-preview":"max-video-preview:-1"},"canonical":"https:\/\/seonder.com\/hr\/faq\/","og_locale":"hr_HR","og_type":"article","og_title":"Frequently Asked Questions - SEOnder","og_description":"FAQ Can I combine packages? Yes, service packages can be combined and customized to fit your business. You can choose elements from different packages, and your tailored service will be clearly outlined in the quote. What industries are you working with? I offer my services to all industries*. If I\u2019m not yet familiar with your [&hellip;]","og_url":"https:\/\/seonder.com\/hr\/faq\/","og_site_name":"SEOnder","article_publisher":"https:\/\/www.facebook.com\/profile.php?id=61582095863975","article_modified_time":"2025-10-30T12:43:10+00:00","twitter_card":"summary_large_image","twitter_misc":{"Procijenjeno vrijeme \u010ditanja":"1 minuta"},"schema":{"@context":"https:\/\/schema.org","@graph":[{"@type":"WebPage","@id":"https:\/\/seonder.com\/faq\/","url":"https:\/\/seonder.com\/faq\/","name":"Frequently Asked Questions - SEOnder","isPartOf":{"@id":"https:\/\/seonder.com\/#website"},"datePublished":"2025-10-24T12:56:28+00:00","dateModified":"2025-10-30T12:43:10+00:00","breadcrumb":{"@id":"https:\/\/seonder.com\/faq\/#breadcrumb"},"inLanguage":"hr","potentialAction":[{"@type":"ReadAction","target":["https:\/\/seonder.com\/faq\/"]}]},{"@type":"BreadcrumbList","@id":"https:\/\/seonder.com\/faq\/#breadcrumb","itemListElement":[{"@type":"ListItem","position":1,"name":"Home","item":"https:\/\/seonder.com\/"},{"@type":"ListItem","position":2,"name":"Frequently Asked Questions"}]},{"@type":"WebSite","@id":"https:\/\/seonder.com\/#website","url":"https:\/\/seonder.com\/","name":"SEOnder","description":"Your business story, truly heard.","publisher":{"@id":"https:\/\/seonder.com\/#organization"},"potentialAction":[{"@type":"SearchAction","target":{"@type":"EntryPoint","urlTemplate":"https:\/\/seonder.com\/?s={search_term_string}"},"query-input":{"@type":"PropertyValueSpecification","valueRequired":true,"valueName":"search_term_string"}}],"inLanguage":"hr"},{"@type":"Organization","@id":"https:\/\/seonder.com\/#organization","name":"SEOnder","url":"https:\/\/seonder.com\/","logo":{"@type":"ImageObject","inLanguage":"hr","@id":"https:\/\/seonder.com\/#\/schema\/logo\/image\/","url":"https:\/\/seonder.com\/wp-content\/uploads\/2025\/10\/cropped-Standard1.png","contentUrl":"https:\/\/seonder.com\/wp-content\/uploads\/2025\/10\/cropped-Standard1.png","width":512,"height":512,"caption":"SEOnder"},"image":{"@id":"https:\/\/seonder.com\/#\/schema\/logo\/image\/"},"sameAs":["https:\/\/www.facebook.com\/profile.php?id=61582095863975","https:\/\/www.instagram.com\/seonder_marketing\/","https:\/\/www.linkedin.com\/in\/dijana-samsa-5004ab1ba\/"]}]}},"_links":{"self":[{"href":"https:\/\/seonder.com\/hr\/wp-json\/wp\/v2\/pages\/168","targetHints":{"allow":["GET"]}}],"collection":[{"href":"https:\/\/seonder.com\/hr\/wp-json\/wp\/v2\/pages"}],"about":[{"href":"https:\/\/seonder.com\/hr\/wp-json\/wp\/v2\/types\/page"}],"author":[{"embeddable":true,"href":"https:\/\/seonder.com\/hr\/wp-json\/wp\/v2\/users\/1"}],"replies":[{"embeddable":true,"href":"https:\/\/seonder.com\/hr\/wp-json\/wp\/v2\/comments?post=168"}],"version-history":[{"count":2,"href":"https:\/\/seonder.com\/hr\/wp-json\/wp\/v2\/pages\/168\/revisions"}],"predecessor-version":[{"id":240,"href":"https:\/\/seonder.com\/hr\/wp-json\/wp\/v2\/pages\/168\/revisions\/240"}],"wp:attachment":[{"href":"https:\/\/seonder.com\/hr\/wp-json\/wp\/v2\/media?parent=168"}],"curies":[{"name":"wp","href":"https:\/\/api.w.org\/{rel}","templated":true}]}}