{"id":152,"date":"2025-10-27T09:34:27","date_gmt":"2025-10-27T09:34:27","guid":{"rendered":"https:\/\/seonder.com\/?page_id=152"},"modified":"2025-11-30T22:18:34","modified_gmt":"2025-11-30T22:18:34","slug":"services","status":"publish","type":"page","link":"https:\/\/seonder.com\/hr\/services\/","title":{"rendered":"Usluge"},"content":{"rendered":"<p class=\"has-contrast-color has-text-color has-link-color wp-elements-a339b31ee907d8700a77cccc1a8babda\">Istra\u017eite SEOnderove usluge i odaberite najbolji sljede\u0107i korak za svoje poslovanje.<\/p>\n\n\n\n<p><\/p>\n\n\n\n<hr class=\"wp-block-separator has-alpha-channel-opacity\"\/>\n\n\n\n<p><\/p>\n\n\n\n<h2 class=\"wp-block-heading is-style-text-annotation has-accent-1-color has-text-color has-background has-link-color has-medium-font-size wp-elements-b1b0f39a5f9ef96c6e635f5f7bd7a4c7 is-style-text-annotation--1\" style=\"background-color:#749eaf\"><strong>SEONDER LITE<\/strong><\/h2>\n\n\n\n<p class=\"has-contrast-color has-text-color has-link-color has-x-large-font-size wp-elements-3e58969300caf409902b8cb6d15945e0\"><strong>\u0160to uklju\u010duje:<\/strong><\/p>\n\n\n\n<ul class=\"wp-block-list\">\n<li class=\"has-contrast-color has-text-color has-link-color wp-elements-03ab1999101ae3e57742b16053a2e429\">Revizija va\u0161e web stranice i plan kako je bolje optimizirati za rezultate pretra\u017eivanja (SEO)<\/li>\n\n\n\n<li class=\"has-contrast-color has-text-color has-link-color wp-elements-40628b80b35ddfd9e83f59d0f3c7e431\">Provjera i pobolj\u0161anje pla\u0107enih kampanja (Google, dru\u0161tvene mre\u017ee)<\/li>\n\n\n\n<li class=\"has-contrast-color has-text-color has-link-color wp-elements-70dc80525ff887e008f5b486468f613e\">Jednosatna konzultacija o temi po va\u0161em izboru: Zanima vas kako izgraditi ja\u010di brend? Tra\u017eite nove na\u010dine promocije? \u017delite saznati vi\u0161e o online marketingu? Dobit \u0107ete savjete i smjernice kako rije\u0161iti najve\u0107u prepreku s kojom se va\u0161 posao trenutno suo\u010dava.<\/li>\n<\/ul>\n\n\n\n<hr class=\"wp-block-separator has-alpha-channel-opacity\"\/>\n\n\n\n<p><\/p>\n\n\n\n<h2 class=\"wp-block-heading is-style-text-annotation has-accent-1-color has-text-color has-background has-link-color has-medium-font-size wp-elements-e51c54495b5f39056441669f44f4afbb is-style-text-annotation--2\" style=\"background-color:#749eaf\"><strong>SEONDER PRO<\/strong><\/h2>\n\n\n\n<p class=\"has-contrast-color has-text-color has-link-color has-x-large-font-size wp-elements-ff08986f31b07d053414ccfa8ff2b6e7\"><strong>Unaprije\u0111ena verzija SEONDER LITE-a<\/strong><\/p>\n\n\n\n<ul class=\"wp-block-list\">\n<li class=\"has-contrast-color has-text-color has-link-color wp-elements-d2b60455a5c00e79970a434ac73c5a86\">SEO optimizacija va\u0161e web stranice (s tromjese\u010dnom strategijom)<\/li>\n\n\n\n<li class=\"has-contrast-color has-text-color has-link-color wp-elements-fc4c6c9501352e0e911cd6f5bacae33a\">Razvijanje, dizajniranje, pra\u0107enje i optimizacija do 3 pla\u0107ene kampanje (Google, dru\u0161tvene mre\u017ee)<\/li>\n\n\n\n<li class=\"has-contrast-color has-text-color has-link-color wp-elements-609c76d363372d9deca17c5d194cf9fe\">Dvosatna konzultacija o temi po va\u0161em izboru, s personaliziranim pisanim materijalima (poput bro\u0161ura) na koje se mo\u017eete uvijek osvrnuti<\/li>\n<\/ul>\n\n\n\n<hr class=\"wp-block-separator has-alpha-channel-opacity\"\/>\n\n\n\n<p><\/p>\n\n\n\n<h2 class=\"wp-block-heading is-style-text-annotation has-accent-1-color has-text-color has-background has-link-color has-medium-font-size wp-elements-7863110f4d49951d1ee0afe2ef4a0456 is-style-text-annotation--3\" style=\"background-color:#749eaf\"><strong>SEONDER PREMIUM<\/strong><\/h2>\n\n\n\n<p class=\"has-contrast-color has-text-color has-link-color has-x-large-font-size wp-elements-f8332b1ab64b929b887e290aae7f5f38\"><strong>Va\u0161e personalizirano 6-mjese\u010dno iskustvo<\/strong><\/p>\n\n\n\n<ul class=\"wp-block-list\">\n<li class=\"has-contrast-color has-text-color has-link-color wp-elements-0c18e599c7ba77da223e08465234c424\">Tijekom 6 mjeseci SEOnder je va\u0161 osobni stru\u010dnjak za digitalni marketing. Bilo da se radi o SEO-u, PPC kampanjama, brendiranju ili dru\u0161tvenim mre\u017eama \u2013 zadaci \u0107e biti izvr\u0161eni brzo i u\u010dinkovito.<\/li>\n\n\n\n<li class=\"has-contrast-color has-text-color has-link-color wp-elements-f3a97707ca56710f7f63d30912bf1de0\">Prilago\u0111eni materijali (poput bro\u0161ura) bit \u0107e vam dostupni prije zavr\u0161etka usluge i mo\u017eete ih koristiti u bilo kojem trenutku<\/li>\n<\/ul>\n\n\n\n<hr class=\"wp-block-separator has-alpha-channel-opacity\"\/>\n\n\n\n<p><\/p>","protected":false},"excerpt":{"rendered":"<p>Peruse SEOnder&#8217;s services and choose the right next step for your business. SEONDER LITE Includes: SEONDER PRO Elevated version of SEONDER LITE SEONDER PREMIUM Your own tailored 6-month experience<\/p>","protected":false},"author":1,"featured_media":0,"parent":0,"menu_order":0,"comment_status":"closed","ping_status":"closed","template":"","meta":{"footnotes":""},"class_list":["post-152","page","type-page","status-publish","hentry"],"yoast_head":"<!-- This site is optimized with the Yoast SEO plugin v27.4 - https:\/\/yoast.com\/product\/yoast-seo-wordpress\/ -->\n<title>Services - SEOnder<\/title>\n<meta name=\"description\" content=\"Peruse SEOnder\u2019s digital marketing services for small businesses and choose the right next step for your business.\" \/>\n<meta name=\"robots\" content=\"index, follow, max-snippet:-1, max-image-preview:large, max-video-preview:-1\" \/>\n<link rel=\"canonical\" href=\"https:\/\/seonder.com\/hr\/services\/\" \/>\n<meta property=\"og:locale\" content=\"hr_HR\" \/>\n<meta property=\"og:type\" content=\"article\" \/>\n<meta property=\"og:title\" content=\"Services - SEOnder\" \/>\n<meta property=\"og:description\" content=\"Peruse SEOnder\u2019s digital marketing services for small businesses and choose the right next step for your business.\" \/>\n<meta property=\"og:url\" content=\"https:\/\/seonder.com\/hr\/services\/\" \/>\n<meta property=\"og:site_name\" content=\"SEOnder\" \/>\n<meta property=\"article:publisher\" content=\"https:\/\/www.facebook.com\/profile.php?id=61582095863975\" \/>\n<meta property=\"article:modified_time\" content=\"2025-11-30T22:18:34+00:00\" \/>\n<meta name=\"twitter:card\" content=\"summary_large_image\" \/>\n<meta name=\"twitter:label1\" content=\"Procijenjeno vrijeme \u010ditanja\" \/>\n\t<meta name=\"twitter:data1\" content=\"1 minuta\" \/>\n<script type=\"application\/ld+json\" class=\"yoast-schema-graph\">{\"@context\":\"https:\\\/\\\/schema.org\",\"@graph\":[{\"@type\":\"WebPage\",\"@id\":\"https:\\\/\\\/seonder.com\\\/services\\\/\",\"url\":\"https:\\\/\\\/seonder.com\\\/services\\\/\",\"name\":\"Services - SEOnder\",\"isPartOf\":{\"@id\":\"https:\\\/\\\/seonder.com\\\/#website\"},\"datePublished\":\"2025-10-27T09:34:27+00:00\",\"dateModified\":\"2025-11-30T22:18:34+00:00\",\"description\":\"Peruse SEOnder\u2019s digital marketing services for small businesses and choose the right next step for your business.\",\"breadcrumb\":{\"@id\":\"https:\\\/\\\/seonder.com\\\/services\\\/#breadcrumb\"},\"inLanguage\":\"hr\",\"potentialAction\":[{\"@type\":\"ReadAction\",\"target\":[\"https:\\\/\\\/seonder.com\\\/services\\\/\"]}]},{\"@type\":\"BreadcrumbList\",\"@id\":\"https:\\\/\\\/seonder.com\\\/services\\\/#breadcrumb\",\"itemListElement\":[{\"@type\":\"ListItem\",\"position\":1,\"name\":\"Home\",\"item\":\"https:\\\/\\\/seonder.com\\\/\"},{\"@type\":\"ListItem\",\"position\":2,\"name\":\"Services\"}]},{\"@type\":\"WebSite\",\"@id\":\"https:\\\/\\\/seonder.com\\\/#website\",\"url\":\"https:\\\/\\\/seonder.com\\\/\",\"name\":\"SEOnder\",\"description\":\"Your business story, truly heard.\",\"publisher\":{\"@id\":\"https:\\\/\\\/seonder.com\\\/#organization\"},\"potentialAction\":[{\"@type\":\"SearchAction\",\"target\":{\"@type\":\"EntryPoint\",\"urlTemplate\":\"https:\\\/\\\/seonder.com\\\/?s={search_term_string}\"},\"query-input\":{\"@type\":\"PropertyValueSpecification\",\"valueRequired\":true,\"valueName\":\"search_term_string\"}}],\"inLanguage\":\"hr\"},{\"@type\":\"Organization\",\"@id\":\"https:\\\/\\\/seonder.com\\\/#organization\",\"name\":\"SEOnder\",\"url\":\"https:\\\/\\\/seonder.com\\\/\",\"logo\":{\"@type\":\"ImageObject\",\"inLanguage\":\"hr\",\"@id\":\"https:\\\/\\\/seonder.com\\\/#\\\/schema\\\/logo\\\/image\\\/\",\"url\":\"https:\\\/\\\/seonder.com\\\/wp-content\\\/uploads\\\/2025\\\/10\\\/cropped-Standard1.png\",\"contentUrl\":\"https:\\\/\\\/seonder.com\\\/wp-content\\\/uploads\\\/2025\\\/10\\\/cropped-Standard1.png\",\"width\":512,\"height\":512,\"caption\":\"SEOnder\"},\"image\":{\"@id\":\"https:\\\/\\\/seonder.com\\\/#\\\/schema\\\/logo\\\/image\\\/\"},\"sameAs\":[\"https:\\\/\\\/www.facebook.com\\\/profile.php?id=61582095863975\",\"https:\\\/\\\/www.instagram.com\\\/seonder_marketing\\\/\",\"https:\\\/\\\/www.linkedin.com\\\/in\\\/dijana-samsa-5004ab1ba\\\/\"]}]}<\/script>\n<!-- \/ Yoast SEO plugin. -->","yoast_head_json":{"title":"Services - SEOnder","description":"Peruse SEOnder\u2019s digital marketing services for small businesses and choose the right next step for your business.","robots":{"index":"index","follow":"follow","max-snippet":"max-snippet:-1","max-image-preview":"max-image-preview:large","max-video-preview":"max-video-preview:-1"},"canonical":"https:\/\/seonder.com\/hr\/services\/","og_locale":"hr_HR","og_type":"article","og_title":"Services - SEOnder","og_description":"Peruse SEOnder\u2019s digital marketing services for small businesses and choose the right next step for your business.","og_url":"https:\/\/seonder.com\/hr\/services\/","og_site_name":"SEOnder","article_publisher":"https:\/\/www.facebook.com\/profile.php?id=61582095863975","article_modified_time":"2025-11-30T22:18:34+00:00","twitter_card":"summary_large_image","twitter_misc":{"Procijenjeno vrijeme \u010ditanja":"1 minuta"},"schema":{"@context":"https:\/\/schema.org","@graph":[{"@type":"WebPage","@id":"https:\/\/seonder.com\/services\/","url":"https:\/\/seonder.com\/services\/","name":"Services - SEOnder","isPartOf":{"@id":"https:\/\/seonder.com\/#website"},"datePublished":"2025-10-27T09:34:27+00:00","dateModified":"2025-11-30T22:18:34+00:00","description":"Peruse SEOnder\u2019s digital marketing services for small businesses and choose the right next step for your business.","breadcrumb":{"@id":"https:\/\/seonder.com\/services\/#breadcrumb"},"inLanguage":"hr","potentialAction":[{"@type":"ReadAction","target":["https:\/\/seonder.com\/services\/"]}]},{"@type":"BreadcrumbList","@id":"https:\/\/seonder.com\/services\/#breadcrumb","itemListElement":[{"@type":"ListItem","position":1,"name":"Home","item":"https:\/\/seonder.com\/"},{"@type":"ListItem","position":2,"name":"Services"}]},{"@type":"WebSite","@id":"https:\/\/seonder.com\/#website","url":"https:\/\/seonder.com\/","name":"SEOnder","description":"Your business story, truly heard.","publisher":{"@id":"https:\/\/seonder.com\/#organization"},"potentialAction":[{"@type":"SearchAction","target":{"@type":"EntryPoint","urlTemplate":"https:\/\/seonder.com\/?s={search_term_string}"},"query-input":{"@type":"PropertyValueSpecification","valueRequired":true,"valueName":"search_term_string"}}],"inLanguage":"hr"},{"@type":"Organization","@id":"https:\/\/seonder.com\/#organization","name":"SEOnder","url":"https:\/\/seonder.com\/","logo":{"@type":"ImageObject","inLanguage":"hr","@id":"https:\/\/seonder.com\/#\/schema\/logo\/image\/","url":"https:\/\/seonder.com\/wp-content\/uploads\/2025\/10\/cropped-Standard1.png","contentUrl":"https:\/\/seonder.com\/wp-content\/uploads\/2025\/10\/cropped-Standard1.png","width":512,"height":512,"caption":"SEOnder"},"image":{"@id":"https:\/\/seonder.com\/#\/schema\/logo\/image\/"},"sameAs":["https:\/\/www.facebook.com\/profile.php?id=61582095863975","https:\/\/www.instagram.com\/seonder_marketing\/","https:\/\/www.linkedin.com\/in\/dijana-samsa-5004ab1ba\/"]}]}},"_links":{"self":[{"href":"https:\/\/seonder.com\/hr\/wp-json\/wp\/v2\/pages\/152","targetHints":{"allow":["GET"]}}],"collection":[{"href":"https:\/\/seonder.com\/hr\/wp-json\/wp\/v2\/pages"}],"about":[{"href":"https:\/\/seonder.com\/hr\/wp-json\/wp\/v2\/types\/page"}],"author":[{"embeddable":true,"href":"https:\/\/seonder.com\/hr\/wp-json\/wp\/v2\/users\/1"}],"replies":[{"embeddable":true,"href":"https:\/\/seonder.com\/hr\/wp-json\/wp\/v2\/comments?post=152"}],"version-history":[{"count":15,"href":"https:\/\/seonder.com\/hr\/wp-json\/wp\/v2\/pages\/152\/revisions"}],"predecessor-version":[{"id":309,"href":"https:\/\/seonder.com\/hr\/wp-json\/wp\/v2\/pages\/152\/revisions\/309"}],"wp:attachment":[{"href":"https:\/\/seonder.com\/hr\/wp-json\/wp\/v2\/media?parent=152"}],"curies":[{"name":"wp","href":"https:\/\/api.w.org\/{rel}","templated":true}]}}